{"id":2418,"date":"2025-04-10T15:31:43","date_gmt":"2025-04-10T13:31:43","guid":{"rendered":"https:\/\/sgrafit.at\/?page_id=2418"},"modified":"2026-04-20T11:30:31","modified_gmt":"2026-04-20T09:30:31","slug":"impressum","status":"publish","type":"page","link":"https:\/\/sgrafit.at\/en\/impressum\/","title":{"rendered":"Impressum"},"content":{"rendered":"<h3 class=\"uk-margin-remove-top\">sgrafit \u2013 Hotel &amp; Apartments<\/h3>\n<div class=\"uk-panel uk-margin uk-width-2xlarge\">\n<p><strong>Adresse<br \/>\n<\/strong>Hauptplatz 13 &amp; 15<br \/>\n2070 Retz<br \/>\n\u00d6sterreich<\/p>\n<p>Telefon: +43 2942 28503<br \/>\nEmail: hotel@sgrafit.at<\/p>\n<p>&nbsp;<\/p>\n<\/div>\n<p><strong>Gesch\u00e4ftsf\u00fchrung<\/strong><br \/>\n<strong>Sgrafit-bike GmbH<\/strong><br \/>\nWolfgang Klinggraber<\/p>\n<p>FN 575190 v<br \/>\nUID-Nummer: ATU 77850425<\/p>\n<p>Bankverbindung<br \/>\nVolksbank Nieder\u00f6sterreich AG<br \/>\nIBAN: AT95 4715 0117 3035 0000<br \/>\nSWIFT: VBOEATWWNOM<\/p>\n<p>&#8211;<\/p>\n<div class=\"uk-panel uk-margin uk-width-2xlarge\">\n<p><strong>Layout, Design &amp; Programmierung<\/strong><br \/>\nTonality Communications GmbH<br \/>\n<a href=\"https:\/\/www.tonality.at\/\" target=\"_blank\" rel=\"noopener noreferrer nofollow\">www.tonality.at<\/a><\/p>\n<p>&#8211;<\/p>\n<p><strong>Fotos<\/strong><br \/>\nBernhard Raab (<a href=\"https:\/\/www.bernhardraab.at\/\">https:\/\/www.bernhardraab.at\/<\/a>)<br \/>\nImmo-Sphere (<a href=\"https:\/\/www.immo-sphere.at\/\" target=\"_blank\" rel=\"noopener\" data-saferedirecturl=\"https:\/\/www.google.com\/url?q=https:\/\/www.immo-sphere.at\/&amp;source=gmail&amp;ust=1746696586099000&amp;usg=AOvVaw2hiH8VrtgP_vYe09P-hdzx\">https:\/\/www.immo-sphere.at\/<\/a>)<br \/>\nAstrid Bartl (<a href=\"https:\/\/astridbartl.com\/\">https:\/\/astridbartl.com\/<\/a>)<br \/>\nWeinviertel Tourismus<\/p>\n<\/div>\n","protected":false},"excerpt":{"rendered":"<p>sgrafit \u2013 Hotel &amp; Apartments Adresse Hauptplatz 13 &amp; 15 2070 Retz \u00d6sterreich Telefon: +43 2942 28503 Email: hotel@sgrafit.at &nbsp; Gesch\u00e4ftsf\u00fchrung Sgrafit-bike GmbH Wolfgang Klinggraber FN 575190 v UID-Nummer: ATU 77850425 Bankverbindung Volksbank Nieder\u00f6sterreich AG IBAN: AT95 4715 0117 3035 0000 SWIFT: VBOEATWWNOM &#8211; Layout, Design &amp; Programmierung Tonality Communications GmbH www.tonality.at &#8211; Fotos Bernhard [&hellip;]<\/p>\n","protected":false},"author":1,"featured_media":0,"parent":0,"menu_order":0,"comment_status":"closed","ping_status":"closed","template":"","meta":{"_acf_changed":false,"_seopress_robots_primary_cat":"","_seopress_titles_title":"","_seopress_titles_desc":"","_seopress_robots_index":"","iawp_total_views":1164,"footnotes":""},"class_list":["post-2418","page","type-page","status-publish","hentry"],"acf":[],"_links":{"self":[{"href":"https:\/\/sgrafit.at\/en\/wp-json\/wp\/v2\/pages\/2418","targetHints":{"allow":["GET"]}}],"collection":[{"href":"https:\/\/sgrafit.at\/en\/wp-json\/wp\/v2\/pages"}],"about":[{"href":"https:\/\/sgrafit.at\/en\/wp-json\/wp\/v2\/types\/page"}],"author":[{"embeddable":true,"href":"https:\/\/sgrafit.at\/en\/wp-json\/wp\/v2\/users\/1"}],"replies":[{"embeddable":true,"href":"https:\/\/sgrafit.at\/en\/wp-json\/wp\/v2\/comments?post=2418"}],"version-history":[{"count":14,"href":"https:\/\/sgrafit.at\/en\/wp-json\/wp\/v2\/pages\/2418\/revisions"}],"predecessor-version":[{"id":30790,"href":"https:\/\/sgrafit.at\/en\/wp-json\/wp\/v2\/pages\/2418\/revisions\/30790"}],"wp:attachment":[{"href":"https:\/\/sgrafit.at\/en\/wp-json\/wp\/v2\/media?parent=2418"}],"curies":[{"name":"wp","href":"https:\/\/api.w.org\/{rel}","templated":true}]}}