{"id":2416,"date":"2025-04-10T15:31:35","date_gmt":"2025-04-10T13:31:35","guid":{"rendered":"https:\/\/sgrafit.at\/?page_id=2416"},"modified":"2025-05-07T14:33:08","modified_gmt":"2025-05-07T12:33:08","slug":"datenschutz","status":"publish","type":"page","link":"https:\/\/sgrafit.at\/en\/datenschutz\/","title":{"rendered":"Datenschutz"},"content":{"rendered":"<h3>18 EU-DATENSCHUTZ GRUNDVERORDNUNG (DSGVO), GDPR (GENERAL DATA PROTECTION REGULATION)<\/h3>\n<p style=\"font-weight: 400;\">18.1. Wir geben Ihre Daten nicht weiter. Die Daten, die Sie uns bekannt gegeben haben, werden im h\u00f6chsten Ma\u00dfe vertraulich behandelt. Die Bereitstellung der Daten ist immer freiwillig. Ihre Zustimmung kann jederzeit ohne Angabe von Gr\u00fcnden widerrufen werden.<\/p>\n<p style=\"font-weight: 400;\">18.2. Personenbezogene Daten: Entsprechend der Informationspflicht (Art 13 und 14 DSGVO) informieren wir Sie dar\u00fcber, dass nachfolgende personenbezogene Daten von Ihnen f\u00fcr die Abwicklung unserer Dienstleistungen von uns erhoben werden: Ihre Stammdaten (Name, Vorname, Adresse, E-Mail-Adresse, Telefonnummer, Geburtsdatum, Kundennummer) sowie Sprache. Weiters werden Ihre Reisedokumente (Passnummer, Passdaten, Geburtsdatum, ausstellende Beh\u00f6rde, Laufzeit, Nationalit\u00e4t) oder einer Ihrer Ausweise (u.a.: Personalausweis, F\u00fchrerschein etc. samt ausstellender Beh\u00f6rde und Laufzeit) ben\u00f6tigt. Zur weiteren Abwicklung werden ebenso die Daten zur gew\u00fcnschten Zahlungsart und im Zusammenhang mit Zahlungen, insbesondere mit EC-Karten, Kreditkarten und Bankkarten, die entsprechenden Bankdaten erhoben.<\/p>\n<p style=\"font-weight: 400;\">18.3. Rechtsgrundlage f\u00fcr die Verarbeitung bzw Speicherung Die Rechtsgrundlage f\u00fcr die Verarbeitung Ihrer Daten ist die erteilte Einwilligung. Wir k\u00f6nnen zur Speicherung Ihrer Daten aufgrund vorvertraglicher oder vertraglicher Verpflichtungen sowie gesetzlicher Bestimmungen (u.a. steuerrechtliche Verpflichtungen, Meldewesen, etc.) verpflichtet sein. Weiters stimmen Sie mit der Bekanntgabe Ihrer Daten per Post, Telefax, E-Mail, Telefon oder durch sonst eine \u00dcbermittlungsart zu, dass wir Sie kontaktieren d\u00fcrfen und Ihre Daten wie hier dargestellt verarbeiten d\u00fcrfen, falls wir Ihre Anfragen beantworten wollen, Fragen an Sie haben oder Sie \u00fcber Neuerungen in unserem Unternehmen, neue bzw. andere Produkte, Aktionen oder Veranstaltungen zu Werbezwecken kontaktieren wollen. Sie stimmen zu, dass wir dies per Telefon, Telefax oder per elektronischer Post (E-Mail) d\u00fcrfen. Mit der Eingabe der personenbezogenen Daten in eines unserer Kontaktformulare wird f\u00fcr die Dauer der Betreuung dieser konkreten Anfrage sowie der Speicherung und Verarbeitung durch uns zugestimmt. Dies gilt insbesondere f\u00fcr Anfragen per Kontakt-Formular, Chat und E-Mails. Wir ben\u00f6tigen diese Daten zur Bearbeitung der Anfragen und speichern in diesen F\u00e4llen auch Ihre IP-Adresse zu Zwecken der Beweissicherung. Die Speicherung erfolgt, solange dies f\u00fcr die Betreuung sowie f\u00fcr allf\u00e4llige erg\u00e4nzende oder nachtr\u00e4glich gestellte Fragen erforderlich ist. 18.4. Dauer der Speicherung: Die Dauer der Speicherung bemisst sich nach der Dauer des Vertragsverh\u00e4ltnisses sowie der erteilten Einwilligungen. Dar\u00fcber hinaus kann die Verarbeitung der Daten aufgrund gesetzlicher (Aufbewahrungs-) Pflichten gerechtfertigt sein.<\/p>\n<p style=\"font-weight: 400;\">18.5. Rechte der Betroffenen: Sie k\u00f6nnen jederzeit unentgeltlich Auskunft \u00fcber Ihre personenbezogenen Daten, die von uns gespeichert werden, verlangen. Sie haben das Recht auf Geheimhaltung, Information, Widerspruch, Auskunft, L\u00f6schung, Richtigstellung, Einschr\u00e4nkung und \u00dcbertragung Ihrer personenbezogenen Daten. Sie k\u00f6nnen eine datenschutzrechtliche Einwilligung, die Sie uns erteilt haben, jederzeit ohne Angabe von Gr\u00fcnden widerrufen. Durch den Widerruf wird die Rechtm\u00e4\u00dfigkeit der bis dahin erfolgten Verarbeitung nicht ber\u00fchrt. Ein Widerruf hat zur Folge, dass wir Ihre Daten ab diesem Zeitpunkt zu oben genannten Zwecken nicht mehr verarbeiten. F\u00fcr einen Widerruf und n\u00e4here Informationen zu Ihren Rechten als Betroffener kontaktieren Sie uns bitte:\u00a0<a href=\"mailto:hotel@sgrafit.at\">hotel@sgrafit.at<\/a><\/p>\n<p style=\"font-weight: 400;\">18.6. Datenerfassung beim Aufruf der Website: Beim Aufruf der Website des sgrafit hotels erfasst unser System automatisiert Daten und Informationen vom Computersystem des aufrufenden Rechners. Dabei werden nachfolgende Daten hierbei erhoben: &#8211; Informationen \u00fcber den Browsertyp und die verwendete Version &#8211; Das Betriebssystem des Nutzers &#8211; Den Internet-Service-Provider des Nutzers &#8211; Die IP-Adresse des Nutzers &#8211; Datum und Uhrzeit des Zugriffs &#8211; Websites, von denen das System des Nutzers auf unsere Internetseite gelangt &#8211; Websites, die vom System des Nutzers \u00fcber unsere Website aufgerufen werden.<\/p>\n<p style=\"font-weight: 400;\">18.7. Cookies und Tracking Dienste: Wir verwenden Cookies, das sind kleine Textelemente, die zum Speichern von Informationen in Webbrowsern verwendet werden. Cookies werden bei Ihrem n\u00e4chsten Besuch unseres Webauftritts erkannt und tragen erheblich dazu bei, Ladevorg\u00e4nge zu beschleunigen und die Nutzung unserer Angebote komfortabel f\u00fcr Sie zu machen. Ihre von Cookies erkannten und gespeicherten Informationen dienen Ihrer Wiederkennung, aber auch der Analyse Ihres Nutzerverhaltens. Sie werden auf dem Server des jeweiligen Anbieters, der sich als Auftragsverarbeiter uns gegen\u00fcber zur Einhaltung der geltenden Datenschutz-Standards verpflichtet hat, gespeichert. Nachdem Sie unseren Webauftritt besucht haben, bleiben Cookies auf Ihrem Endger\u00e4t gespeichert, sofern Sie dies nicht von vornherein verweigern oder Sie Cookies nicht aktiv l\u00f6schen. Das aktive Deaktivieren von Cookies kann die Funktionalit\u00e4t unserer Webauftritte f\u00fcr Sie beeintr\u00e4chtigen. Sie k\u00f6nnen die Speicherung der Cookies auch durch eine entsprechende Einstellung Ihrer Browser-Software verhindern. Wo genau sich diese Einstellungen befinden, h\u00e4ngt vom jeweiligen Web-Browser ab. Detailinformationen dazu k\u00f6nnen \u00fcber die Hilfe-Funktion des jeweiligen Web-Browsers aufgerufen werden. Wir weisen Sie jedoch darauf hin, dass Sie in diesem Fall gegebenenfalls nicht s\u00e4mtliche Funktionen unserer Website werden nutzen k\u00f6nnen.<\/p>\n<p style=\"font-weight: 400;\">18.8. Buchungen k\u00f6nnen pers\u00f6nlich, telefonisch, durch E-Mail, Buchungsanbieter, Brief erfolgen. Diese Daten werden in unserem Buchungs-System erfasst. Unser System erh\u00e4lt regelm\u00e4\u00dfig Sicherheits-Updates und neue Firewall-Regeln.<\/p>\n<p style=\"font-weight: 400;\">18.9. Newsletter: Die Rechtsgrundlage f\u00fcr die Datenverarbeitung zum Zweck des Newsletter-Versandes ist Ihre Einwilligung. Wir verarbeiten Ihre Daten zum Zweck des Newsletter-Versandes bis zum Widerruf Ihrer Einwilligung. Ihnen stehen bez\u00fcglich Ihrer bei uns gespeicherten Daten grunds\u00e4tzlich das Recht auf Auskunft, Richtigstellung, Einschr\u00e4nkung und Widerspruch, einer Datenverarbeitung sowie L\u00f6schung und \u00dcbertragbarkeit Ihrer Daten zu. Ihnen steht es frei, ohne Angabe von Gr\u00fcnden, die Einwilligung zum Erhalt des Newsletters jederzeit zu widerrufen. Durch den Widerruf wird die Rechtm\u00e4\u00dfigkeit, der aufgrund der Einwilligung bis zum Widerruf erfolgten Verarbeitung nicht ber\u00fchrt. Um Ihre Einwilligung zu widerrufen, kontaktieren Sie uns unter:\u00a0<a href=\"mailto:hotel@sgrafit.at\">hotel@sgrafit.at<\/a><\/p>\n<p style=\"font-weight: 400;\">18.10. Newsletter Anmeldung: Mit der \u00dcbermittlung des Formulars willige ich ausdr\u00fccklich in die Verarbeitung meiner eingegebenen personenbezogenen Daten und zum Erhalt von Newslettern per E-Mail von HHR mit Inhalten zu aktuellen Neuerungen zB zum Thema Rechnungslegung oder Steuern sowie zu Veranstaltungen und Seminaren ein. Das hei\u00dft, dass wir Ihnen nach Ihrer Anmeldung eine E-Mail an die angegebene E-Mail-Adresse senden, in welcher wir Sie um Best\u00e4tigung bitten, dass Sie den Versand des Newsletters w\u00fcnschen. Wenn Sie Ihre Anmeldung nicht innerhalb von 36 Stunden best\u00e4tigen, werden Ihre personenbezogenen Daten automatisch gel\u00f6scht. Pflichtangaben f\u00fcr die Zusendung des Newsletters sind Ihre E-Mail-Adresse. Die Angabe weiterer Daten ist freiwillig. Nach Ihrer Best\u00e4tigung speichern wir Ihre personenbezogenen Daten zum Zweck der Zusendung des Newsletters. Rechtsgrundlage ist Art. 6 Abs. 1 lit. a DSGVO. Ihre Einwilligung zum Erhalt des Newsletters k\u00f6nnen Sie jederzeit widerrufen und den Newsletter abbestellen. Durch den Widerruf der Einwilligung wird die Rechtm\u00e4\u00dfigkeit, der aufgrund der Einwilligung bis zum Widerruf erfolgten Verarbeitung nicht ber\u00fchrt. Diese Einwilligung k\u00f6nnen Sie durch Klick auf den in jeder Newsletter-E-Mail bereitgestellten Link oder per E-Mail an\u00a0<a href=\"mailto:hotel@sgrafit.at\">hotel@sgrafit.at<\/a>\u00a0widerrufen.<\/p>\n","protected":false},"excerpt":{"rendered":"<p>18 EU-DATENSCHUTZ GRUNDVERORDNUNG (DSGVO), GDPR (GENERAL DATA PROTECTION REGULATION) 18.1. Wir geben Ihre Daten nicht weiter. Die Daten, die Sie uns bekannt gegeben haben, werden im h\u00f6chsten Ma\u00dfe vertraulich behandelt. Die Bereitstellung der Daten ist immer freiwillig. Ihre Zustimmung kann jederzeit ohne Angabe von Gr\u00fcnden widerrufen werden. 18.2. Personenbezogene Daten: Entsprechend der Informationspflicht (Art 13 [&hellip;]<\/p>\n","protected":false},"author":1,"featured_media":0,"parent":0,"menu_order":0,"comment_status":"closed","ping_status":"closed","template":"","meta":{"_acf_changed":false,"_seopress_robots_primary_cat":"","_seopress_titles_title":"","_seopress_titles_desc":"","_seopress_robots_index":"","iawp_total_views":57,"footnotes":""},"class_list":["post-2416","page","type-page","status-publish","hentry"],"acf":[],"_links":{"self":[{"href":"https:\/\/sgrafit.at\/en\/wp-json\/wp\/v2\/pages\/2416","targetHints":{"allow":["GET"]}}],"collection":[{"href":"https:\/\/sgrafit.at\/en\/wp-json\/wp\/v2\/pages"}],"about":[{"href":"https:\/\/sgrafit.at\/en\/wp-json\/wp\/v2\/types\/page"}],"author":[{"embeddable":true,"href":"https:\/\/sgrafit.at\/en\/wp-json\/wp\/v2\/users\/1"}],"replies":[{"embeddable":true,"href":"https:\/\/sgrafit.at\/en\/wp-json\/wp\/v2\/comments?post=2416"}],"version-history":[{"count":11,"href":"https:\/\/sgrafit.at\/en\/wp-json\/wp\/v2\/pages\/2416\/revisions"}],"predecessor-version":[{"id":2908,"href":"https:\/\/sgrafit.at\/en\/wp-json\/wp\/v2\/pages\/2416\/revisions\/2908"}],"wp:attachment":[{"href":"https:\/\/sgrafit.at\/en\/wp-json\/wp\/v2\/media?parent=2416"}],"curies":[{"name":"wp","href":"https:\/\/api.w.org\/{rel}","templated":true}]}}