{"id":2418,"date":"2025-04-10T15:31:43","date_gmt":"2025-04-10T13:31:43","guid":{"rendered":"https:\/\/sgrafit.at\/?page_id=2418"},"modified":"2026-04-20T11:30:31","modified_gmt":"2026-04-20T09:30:31","slug":"impressum","status":"publish","type":"page","link":"https:\/\/sgrafit.at\/cs\/tiraz\/","title":{"rendered":"Tir\u00e1\u017e"},"content":{"rendered":"<p><strong>sgrafit \u2013 Hotel &amp; Apartments<br \/>\n<\/strong><br \/>\n<strong>Adresa:<\/strong><br \/>\nHauptplatz 13 &amp; 15<br \/>\n2070 Retz<br \/>\nRakousko<\/p>\n<p>Telefon: +43 2942 28503<br \/>\nE-mail: hotel@sgrafit.at<\/p>\n<p>&#8211;<\/p>\n<p>Jednatel\u00e9<br \/>\n<strong>H\u00f6sch Hotels &amp; Residences GmbH<\/strong><br \/>\nJednatel\u00e9: David H\u00f6sch, Marsela H\u00f6sch<br \/>\nI\u010c spole\u010dnosti: FN 647123 b<br \/>\nDI\u010c: ATU81772878<strong>Bankovn\u00ed spojen\u00ed:<\/strong><br \/>\nRaiffeisenbank Region Deutschkreutz-Horitschon eGen<br \/>\nIBAN: AT45 3301 0000 0005 3199<br \/>\nBIC: RLBBAT2E010<\/p>\n<p>&#8211;<br \/>\n<strong><br \/>\nJednatel\u00e9<br \/>\nSgrafit-bike GmbH<\/strong><br \/>\nJednatel: Wolfgang Klinggraber<br \/>\nI\u010c spole\u010dnosti: FN 575190 v<br \/>\nDI\u010c: ATU77850425<\/p>\n<p><strong>Bankovn\u00ed spojen\u00ed:<\/strong><br \/>\nVolksbank Nieder\u00f6sterreich AG<br \/>\nIBAN: AT95 4715 0117 3035 0000<br \/>\nSWIFT: VBOEATWWNOM<\/p>\n<p>&#8211;<\/p>\n<p><strong>Layout, design a programov\u00e1n\u00ed<\/strong><br \/>\nTonality Communications GmbH<br \/>\n<a href=\"https:\/\/www.tonality.at\">www.tonality.at<\/a><\/p>\n<p>&#8211;<\/p>\n<p><strong>Fotografie<\/strong><br \/>\nBernhard Raab \u2013 <a href=\"https:\/\/www.bernhardraab.at\">www.bernhardraab.at<\/a><br \/>\nImmo-Sphere \u2013 <a href=\"https:\/\/www.immo-sphere.at\">www.immo-sphere.at<\/a><br \/>\nAstrid Bartl \u2013 <a href=\"https:\/\/astridbartl.com\">www.astridbartl.com<\/a><br \/>\nWeinviertel Tourismus<\/p>\n","protected":false},"excerpt":{"rendered":"<p>sgrafit \u2013 Hotel &amp; Apartments Adresa: Hauptplatz 13 &amp; 15 2070 Retz Rakousko Telefon: +43 2942 28503 E-mail: hotel@sgrafit.at &#8211; Jednatel\u00e9 H\u00f6sch Hotels &amp; Residences GmbH Jednatel\u00e9: David H\u00f6sch, Marsela H\u00f6sch I\u010c spole\u010dnosti: FN 647123 b DI\u010c: ATU81772878Bankovn\u00ed spojen\u00ed: Raiffeisenbank Region Deutschkreutz-Horitschon eGen IBAN: AT45 3301 0000 0005 3199 BIC: RLBBAT2E010 &#8211; Jednatel\u00e9 Sgrafit-bike GmbH [&hellip;]<\/p>\n","protected":false},"author":1,"featured_media":0,"parent":0,"menu_order":0,"comment_status":"closed","ping_status":"closed","template":"","meta":{"_acf_changed":false,"_seopress_robots_primary_cat":"","_seopress_titles_title":"","_seopress_titles_desc":"","_seopress_robots_index":"","iawp_total_views":1164,"footnotes":""},"class_list":["post-2418","page","type-page","status-publish","hentry"],"acf":[],"_links":{"self":[{"href":"https:\/\/sgrafit.at\/cs\/wp-json\/wp\/v2\/pages\/2418","targetHints":{"allow":["GET"]}}],"collection":[{"href":"https:\/\/sgrafit.at\/cs\/wp-json\/wp\/v2\/pages"}],"about":[{"href":"https:\/\/sgrafit.at\/cs\/wp-json\/wp\/v2\/types\/page"}],"author":[{"embeddable":true,"href":"https:\/\/sgrafit.at\/cs\/wp-json\/wp\/v2\/users\/1"}],"replies":[{"embeddable":true,"href":"https:\/\/sgrafit.at\/cs\/wp-json\/wp\/v2\/comments?post=2418"}],"version-history":[{"count":14,"href":"https:\/\/sgrafit.at\/cs\/wp-json\/wp\/v2\/pages\/2418\/revisions"}],"predecessor-version":[{"id":30790,"href":"https:\/\/sgrafit.at\/cs\/wp-json\/wp\/v2\/pages\/2418\/revisions\/30790"}],"wp:attachment":[{"href":"https:\/\/sgrafit.at\/cs\/wp-json\/wp\/v2\/media?parent=2418"}],"curies":[{"name":"wp","href":"https:\/\/api.w.org\/{rel}","templated":true}]}}