{"id":2416,"date":"2025-04-10T15:31:35","date_gmt":"2025-04-10T13:31:35","guid":{"rendered":"https:\/\/sgrafit.at\/?page_id=2416"},"modified":"2025-05-07T14:33:08","modified_gmt":"2025-05-07T12:33:08","slug":"datenschutz","status":"publish","type":"page","link":"https:\/\/sgrafit.at\/cs\/gdpr\/","title":{"rendered":"OCHRANA OSOBN\u00cdCH \u00daDAJ\u016e \u2013 GDPR (Obecn\u00e9 na\u0159\u00edzen\u00ed o ochran\u011b osobn\u00edch \u00fadaj\u016f)"},"content":{"rendered":"<h3>18 OCHRANA OSOBN\u00cdCH \u00daDAJ\u016e \u2013 GDPR (Obecn\u00e9 na\u0159\u00edzen\u00ed o ochran\u011b osobn\u00edch \u00fadaj\u016f)<\/h3>\n<p><strong>18.1.<\/strong> Va\u0161e \u00fadaje nikomu nep\u0159ed\u00e1v\u00e1me. Ve\u0161ker\u00e9 informace, kter\u00e9 n\u00e1m poskytnete, zpracov\u00e1v\u00e1me s maxim\u00e1ln\u00ed d\u016fv\u011brnost\u00ed. Poskytnut\u00ed \u00fadaj\u016f je v\u017edy dobrovoln\u00e9 a sv\u016fj souhlas m\u016f\u017eete kdykoli bez ud\u00e1n\u00ed d\u016fvodu odvolat.<\/p>\n<p><strong>18.2.<\/strong> <strong>Osobn\u00ed \u00fadaje:<\/strong> V souladu s informa\u010dn\u00ed povinnost\u00ed podle \u010dl. 13 a 14 GDPR v\u00e1s informujeme, \u017ee za \u00fa\u010delem poskytov\u00e1n\u00ed na\u0161ich slu\u017eeb shroma\u017e\u010fujeme n\u00e1sleduj\u00edc\u00ed \u00fadaje: z\u00e1kladn\u00ed identifika\u010dn\u00ed a kontaktn\u00ed \u00fadaje (jm\u00e9no, p\u0159\u00edjmen\u00ed, adresa, e-mail, telefonn\u00ed \u010d\u00edslo, datum narozen\u00ed, z\u00e1kaznick\u00e9 \u010d\u00edslo) a preferovan\u00fd jazyk. V n\u011bkter\u00fdch p\u0159\u00edpadech m\u016f\u017ee b\u00fdt vy\u017eadov\u00e1no i uveden\u00ed cestovn\u00edch doklad\u016f (\u010d\u00edslo pasu, vyd\u00e1vaj\u00edc\u00ed \u00fa\u0159ad, doba platnosti, st\u00e1tn\u00ed p\u0159\u00edslu\u0161nost) nebo jin\u00e9ho pr\u016fkazu toto\u017enosti (nap\u0159. ob\u010dansk\u00fd \u010di \u0159idi\u010dsk\u00fd pr\u016fkaz v\u010detn\u011b \u00fadaj\u016f o platnosti a vydavateli). P\u0159i platb\u00e1ch nav\u00edc shroma\u017e\u010fujeme informace o zvolen\u00e9m zp\u016fsobu platby, v p\u0159\u00edpad\u011b platby kartou i bankovn\u00ed \u00fadaje.<\/p>\n<p><strong>18.3.<\/strong> <strong>Pr\u00e1vn\u00ed z\u00e1klad zpracov\u00e1n\u00ed:<\/strong> Pr\u00e1vn\u00edm z\u00e1kladem pro zpracov\u00e1n\u00ed va\u0161ich \u00fadaj\u016f je v\u00e1\u0161 souhlas. V n\u011bkter\u00fdch p\u0159\u00edpadech jsme povinni \u00fadaje uchov\u00e1vat na z\u00e1klad\u011b smluvn\u00edch nebo z\u00e1konn\u00fdch povinnost\u00ed (nap\u0159. da\u0148ov\u00e1 evidence, z\u00e1konn\u00e9 ohla\u0161ovac\u00ed povinnosti). Poskytnut\u00edm \u00fadaj\u016f (osobn\u011b, po\u0161tou, telefonicky, e-mailem nebo jinou formou) vyjad\u0159ujete souhlas s t\u00edm, \u017ee v\u00e1s m\u016f\u017eeme kontaktovat a zpracov\u00e1vat va\u0161e \u00fadaje v souladu s t\u00edmto \u00fa\u010delem \u2013 nap\u0159\u00edklad p\u0159i odpov\u011bdi na dotazy, up\u0159es\u0148uj\u00edc\u00edch ot\u00e1zk\u00e1ch nebo informov\u00e1n\u00ed o novink\u00e1ch, produktech, akc\u00edch a ud\u00e1lostech. Kontakt m\u016f\u017ee prob\u00edhat telefonicky, faxem nebo e-mailem. Vypln\u011bn\u00edm n\u011bkter\u00e9ho z na\u0161ich kontaktn\u00edch formul\u00e1\u0159\u016f souhlas\u00edte se zpracov\u00e1n\u00edm \u00fadaj\u016f po dobu nezbytnou k vy\u0159\u00edzen\u00ed dotazu. To se t\u00fdk\u00e1 zejm\u00e9na kontakt\u016f p\u0159es formul\u00e1\u0159, chat nebo e-mail. V t\u011bchto p\u0159\u00edpadech uchov\u00e1v\u00e1me i va\u0161i IP adresu pro \u00fa\u010dely pr\u00e1vn\u00edho dolo\u017een\u00ed. \u00dadaje uchov\u00e1v\u00e1me po dobu nutnou k vy\u0159\u00edzen\u00ed dotazu a p\u0159\u00edpadn\u00fdch n\u00e1sledn\u00fdch komunikac\u00ed.<\/p>\n<p><strong>18.4.<\/strong> <strong>Doba uchov\u00e1n\u00ed:<\/strong> Doba uchov\u00e1v\u00e1n\u00ed \u00fadaj\u016f se odv\u00edj\u00ed od trv\u00e1n\u00ed smluvn\u00edho vztahu a od ud\u011blen\u00fdch souhlas\u016f. Z\u00e1konn\u00e9 povinnosti, nap\u0159. archivace, mohou tuto dobu prodlou\u017eit.<\/p>\n<p><strong>18.5.<\/strong> <strong>Va\u0161e pr\u00e1va:<\/strong> M\u00e1te pr\u00e1vo kdykoli bezplatn\u011b po\u017e\u00e1dat o informace t\u00fdkaj\u00edc\u00ed se va\u0161ich osobn\u00edch \u00fadaj\u016f, kter\u00e9 u n\u00e1s evidujeme. D\u00e1le m\u00e1te pr\u00e1vo na:<br \/>\n\u2013 zachov\u00e1n\u00ed d\u016fv\u011brnosti,<br \/>\n\u2013 p\u0159\u00edstup k \u00fadaj\u016fm,<br \/>\n\u2013 opravu,<br \/>\n\u2013 v\u00fdmaz,<br \/>\n\u2013 omezen\u00ed zpracov\u00e1n\u00ed,<br \/>\n\u2013 p\u0159enositelnost \u00fadaj\u016f,<br \/>\n\u2013 vznesen\u00ed n\u00e1mitky.<\/p>\n<p>Souhlas se zpracov\u00e1n\u00edm \u00fadaj\u016f m\u016f\u017eete kdykoli bez ud\u00e1n\u00ed d\u016fvodu odvolat. Odvol\u00e1n\u00ed nem\u00e1 zp\u011btn\u00fd dopad na z\u00e1konnost zpracov\u00e1n\u00ed, kter\u00e9 prob\u011bhlo p\u0159ed t\u00edmto odvol\u00e1n\u00edm. Po odvol\u00e1n\u00ed nebudou va\u0161e \u00fadaje nad\u00e1le zpracov\u00e1v\u00e1ny pro v\u00fd\u0161e uveden\u00e9 \u00fa\u010dely. Pro odvol\u00e1n\u00ed nebo v\u00edce informac\u00ed n\u00e1s kontaktujte na e-mailu: hotel@sgrafit.at.<\/p>\n<p><strong>18.6.<\/strong> <strong>Z\u00e1znamy p\u0159i n\u00e1v\u0161t\u011bv\u011b webu:<\/strong> P\u0159i n\u00e1v\u0161t\u011bv\u011b webov\u00fdch str\u00e1nek hotelu Sgrafit n\u00e1\u0161 syst\u00e9m automaticky zaznamen\u00e1v\u00e1 n\u00e1sleduj\u00edc\u00ed informace:<br \/>\n\u2013 typ a verze prohl\u00ed\u017ee\u010de,<br \/>\n\u2013 opera\u010dn\u00ed syst\u00e9m,<br \/>\n\u2013 poskytovatel internetov\u00e9ho p\u0159ipojen\u00ed,<br \/>\n\u2013 IP adresa,<br \/>\n\u2013 datum a \u010das p\u0159\u00edstupu,<br \/>\n\u2013 odkazuj\u00edc\u00ed str\u00e1nka,<br \/>\n\u2013 nav\u0161t\u00edven\u00e9 str\u00e1nky v r\u00e1mci na\u0161eho webu.<\/p>\n<p><strong>18.7.<\/strong> <strong>Cookies a sledov\u00e1n\u00ed:<\/strong> Na\u0161e webov\u00e9 str\u00e1nky pou\u017e\u00edvaj\u00ed cookies \u2013 mal\u00e9 textov\u00e9 soubory ulo\u017een\u00e9 ve va\u0161em prohl\u00ed\u017ee\u010di. Cookies urychluj\u00ed na\u010d\u00edt\u00e1n\u00ed webu p\u0159i opakovan\u00fdch n\u00e1v\u0161t\u011bv\u00e1ch a zlep\u0161uj\u00ed u\u017eivatelsk\u00fd komfort. Ukl\u00e1daj\u00ed informace o va\u0161\u00ed aktivit\u011b na webu a pom\u00e1haj\u00ed n\u00e1m analyzovat jeho pou\u017e\u00edv\u00e1n\u00ed. Cookies jsou ulo\u017eeny na serveru poskytovatele, kter\u00fd je smluvn\u011b zav\u00e1z\u00e1n k ochran\u011b osobn\u00edch \u00fadaj\u016f. Na va\u0161em za\u0159\u00edzen\u00ed z\u016fst\u00e1vaj\u00ed ulo\u017eeny, dokud je sami neodm\u00edtnete nebo nesma\u017eete. Vypnut\u00ed cookies m\u016f\u017ee omezit funk\u010dnost n\u011bkter\u00fdch \u010d\u00e1st\u00ed webu. Ulo\u017een\u00ed cookies m\u016f\u017eete tak\u00e9 zak\u00e1zat \u00fapravou nastaven\u00ed sv\u00e9ho prohl\u00ed\u017ee\u010de \u2013 podrobnosti najdete v jeho n\u00e1pov\u011bd\u011b.<\/p>\n<p><strong>18.8.<\/strong> <strong>Rezervace:<\/strong> Rezervaci je mo\u017en\u00e9 prov\u00e9st osobn\u011b, telefonicky, e-mailem, p\u0159es rezerva\u010dn\u00ed platformy nebo po\u0161tou. Ve\u0161ker\u00e9 \u00fadaje zpracov\u00e1v\u00e1me v na\u0161em rezerva\u010dn\u00edm syst\u00e9mu, kter\u00fd pravideln\u011b proch\u00e1z\u00ed aktualizacemi zabezpe\u010den\u00ed a \u00fapravami firewallu.<\/p>\n<p><strong>18.9.<\/strong> <strong>Newsletter:<\/strong> Pr\u00e1vn\u00edm z\u00e1kladem pro zas\u00edl\u00e1n\u00ed newsletteru je v\u00e1\u0161 souhlas. Va\u0161e \u00fadaje budeme zpracov\u00e1vat do doby, ne\u017e souhlas odvol\u00e1te. M\u00e1te pr\u00e1vo na p\u0159\u00edstup, opravu, omezen\u00ed i v\u00fdmaz \u00fadaj\u016f a pr\u00e1vo vzn\u00e9st n\u00e1mitku proti jejich zpracov\u00e1n\u00ed. Souhlas se zas\u00edl\u00e1n\u00edm newsletteru m\u016f\u017eete kdykoli bez ud\u00e1n\u00ed d\u016fvodu odvolat. Odvol\u00e1n\u00ed nem\u00e1 zp\u011btn\u00fd dopad na z\u00e1konnost d\u0159\u00edv\u011bj\u0161\u00edho zpracov\u00e1n\u00ed. Odhl\u00e1\u0161en\u00ed z odb\u011bru provedete kontaktov\u00e1n\u00edm n\u00e1s na: hotel@sgrafit.at.<\/p>\n<p><strong>18.10.<\/strong> <strong>P\u0159ihl\u00e1\u0161en\u00ed k odb\u011bru newsletteru:<\/strong> Odesl\u00e1n\u00edm p\u0159ihla\u0161ovac\u00edho formul\u00e1\u0159e v\u00fdslovn\u011b souhlas\u00edte se zpracov\u00e1n\u00edm va\u0161ich osobn\u00edch \u00fadaj\u016f a se zas\u00edl\u00e1n\u00edm newsletter\u016f e-mailem od HHR s informacemi o novink\u00e1ch, \u00fa\u010detnictv\u00ed, dan\u00edch, akc\u00edch a semin\u00e1\u0159\u00edch. Po odesl\u00e1n\u00ed obdr\u017e\u00edte e-mail s \u017e\u00e1dost\u00ed o potvrzen\u00ed p\u0159ihl\u00e1\u0161en\u00ed. Pokud p\u0159ihl\u00e1\u0161en\u00ed nepotvrd\u00edte do 36 hodin, va\u0161e \u00fadaje budou automaticky smaz\u00e1ny. Povinn\u00fdm \u00fadajem je pouze e-mailov\u00e1 adresa, ostatn\u00ed informace jsou dobrovoln\u00e9. Po potvrzen\u00ed budeme va\u0161e \u00fadaje uchov\u00e1vat v\u00fdhradn\u011b pro \u00fa\u010dely zas\u00edl\u00e1n\u00ed newsletteru. Pr\u00e1vn\u00ed z\u00e1klad: \u010dl. 6 odst. 1 p\u00edsm. a GDPR. Souhlas m\u016f\u017eete kdykoli odvolat kliknut\u00edm na odhla\u0161ovac\u00ed odkaz v ka\u017ed\u00e9m e-mailu nebo e-mailem na adresu: hotel@sgrafit.at.<\/p>\n","protected":false},"excerpt":{"rendered":"<p>18 OCHRANA OSOBN\u00cdCH \u00daDAJ\u016e \u2013 GDPR (Obecn\u00e9 na\u0159\u00edzen\u00ed o ochran\u011b osobn\u00edch \u00fadaj\u016f) 18.1. Va\u0161e \u00fadaje nikomu nep\u0159ed\u00e1v\u00e1me. Ve\u0161ker\u00e9 informace, kter\u00e9 n\u00e1m poskytnete, zpracov\u00e1v\u00e1me s maxim\u00e1ln\u00ed d\u016fv\u011brnost\u00ed. Poskytnut\u00ed \u00fadaj\u016f je v\u017edy dobrovoln\u00e9 a sv\u016fj souhlas m\u016f\u017eete kdykoli bez ud\u00e1n\u00ed d\u016fvodu odvolat. 18.2. Osobn\u00ed \u00fadaje: V souladu s informa\u010dn\u00ed povinnost\u00ed podle \u010dl. 13 a 14 GDPR v\u00e1s [&hellip;]<\/p>\n","protected":false},"author":1,"featured_media":0,"parent":0,"menu_order":0,"comment_status":"closed","ping_status":"closed","template":"","meta":{"_acf_changed":false,"_seopress_robots_primary_cat":"","_seopress_titles_title":"","_seopress_titles_desc":"","_seopress_robots_index":"","iawp_total_views":57,"footnotes":""},"class_list":["post-2416","page","type-page","status-publish","hentry"],"acf":[],"_links":{"self":[{"href":"https:\/\/sgrafit.at\/cs\/wp-json\/wp\/v2\/pages\/2416","targetHints":{"allow":["GET"]}}],"collection":[{"href":"https:\/\/sgrafit.at\/cs\/wp-json\/wp\/v2\/pages"}],"about":[{"href":"https:\/\/sgrafit.at\/cs\/wp-json\/wp\/v2\/types\/page"}],"author":[{"embeddable":true,"href":"https:\/\/sgrafit.at\/cs\/wp-json\/wp\/v2\/users\/1"}],"replies":[{"embeddable":true,"href":"https:\/\/sgrafit.at\/cs\/wp-json\/wp\/v2\/comments?post=2416"}],"version-history":[{"count":11,"href":"https:\/\/sgrafit.at\/cs\/wp-json\/wp\/v2\/pages\/2416\/revisions"}],"predecessor-version":[{"id":2908,"href":"https:\/\/sgrafit.at\/cs\/wp-json\/wp\/v2\/pages\/2416\/revisions\/2908"}],"wp:attachment":[{"href":"https:\/\/sgrafit.at\/cs\/wp-json\/wp\/v2\/media?parent=2416"}],"curies":[{"name":"wp","href":"https:\/\/api.w.org\/{rel}","templated":true}]}}